{"id":84,"date":"2023-12-15T13:10:21","date_gmt":"2023-12-15T12:10:21","guid":{"rendered":"https:\/\/tacbadminton.fr\/?page_id=84"},"modified":"2025-04-13T20:58:03","modified_gmt":"2025-04-13T18:58:03","slug":"creneaux","status":"publish","type":"page","link":"https:\/\/tacbadminton.fr\/index.php\/creneaux\/","title":{"rendered":"Cr\u00e9neaux horaires"},"content":{"rendered":"<style>.kb-row-layout-id84_39c765-47 > .kt-row-column-wrap{align-content:start;}:where(.kb-row-layout-id84_39c765-47 > .kt-row-column-wrap) > .wp-block-kadence-column{justify-content:start;}.kb-row-layout-id84_39c765-47 > .kt-row-column-wrap{column-gap:var(--global-kb-gap-md, 2rem);row-gap:var(--global-kb-gap-md, 2rem);padding-top:var(--global-kb-spacing-sm, 1.5rem);padding-bottom:var(--global-kb-spacing-sm, 1.5rem);grid-template-columns:minmax(0, 1fr);}.kb-row-layout-id84_39c765-47 > .kt-row-layout-overlay{opacity:0.30;}@media all and (max-width: 1024px){.kb-row-layout-id84_39c765-47 > .kt-row-column-wrap{grid-template-columns:minmax(0, 1fr);}}@media all and (max-width: 767px){.kb-row-layout-id84_39c765-47 > .kt-row-column-wrap{grid-template-columns:minmax(0, 1fr);}}<\/style><div class=\"kb-row-layout-wrap kb-row-layout-id84_39c765-47 alignnone wp-block-kadence-rowlayout\"><div class=\"kt-row-column-wrap kt-has-1-columns kt-row-layout-equal kt-tab-layout-inherit kt-mobile-layout-row kt-row-valign-top\">\n<style>.kadence-column84_591da2-d5 > .kt-inside-inner-col,.kadence-column84_591da2-d5 > .kt-inside-inner-col:before{border-top-left-radius:0px;border-top-right-radius:0px;border-bottom-right-radius:0px;border-bottom-left-radius:0px;}.kadence-column84_591da2-d5 > .kt-inside-inner-col{column-gap:var(--global-kb-gap-sm, 1rem);}.kadence-column84_591da2-d5 > .kt-inside-inner-col{flex-direction:column;}.kadence-column84_591da2-d5 > .kt-inside-inner-col > .aligncenter{width:100%;}.kadence-column84_591da2-d5 > .kt-inside-inner-col:before{opacity:0.3;}.kadence-column84_591da2-d5{position:relative;}@media all and (max-width: 1024px){.kadence-column84_591da2-d5 > .kt-inside-inner-col{flex-direction:column;justify-content:center;}}@media all and (max-width: 767px){.kadence-column84_591da2-d5 > .kt-inside-inner-col{flex-direction:column;justify-content:center;}}<\/style>\n<div class=\"wp-block-kadence-column kadence-column84_591da2-d5\"><div class=\"kt-inside-inner-col\">\n<h2 class=\"wp-block-heading has-text-align-center\">GYMNASE TOUSSAINT L&rsquo;OUVERTURE<\/h2>\n<\/div><\/div>\n\n<\/div><\/div>\n\n<style>.kb-row-layout-id84_fd01de-40 > .kt-row-column-wrap{align-content:start;}:where(.kb-row-layout-id84_fd01de-40 > .kt-row-column-wrap) > .wp-block-kadence-column{justify-content:start;}.kb-row-layout-id84_fd01de-40 > .kt-row-column-wrap{column-gap:var(--global-kb-gap-md, 2rem);row-gap:var(--global-kb-gap-md, 2rem);padding-top:var(--global-kb-spacing-sm, 1.5rem);padding-bottom:var(--global-kb-spacing-sm, 1.5rem);grid-template-columns:repeat(2, minmax(0, 1fr));}.kb-row-layout-id84_fd01de-40 > .kt-row-layout-overlay{opacity:0.30;}@media all and (max-width: 1024px){.kb-row-layout-id84_fd01de-40 > .kt-row-column-wrap{grid-template-columns:repeat(2, minmax(0, 1fr));}}@media all and (max-width: 767px){.kb-row-layout-id84_fd01de-40 > .kt-row-column-wrap{grid-template-columns:minmax(0, 1fr);}}<\/style><div class=\"kb-row-layout-wrap kb-row-layout-id84_fd01de-40 alignnone wp-block-kadence-rowlayout\"><div class=\"kt-row-column-wrap kt-has-2-columns kt-row-layout-equal kt-tab-layout-inherit kt-mobile-layout-row kt-row-valign-top\">\n<style>.kadence-column84_5cc0b2-86 > .kt-inside-inner-col,.kadence-column84_5cc0b2-86 > .kt-inside-inner-col:before{border-top-left-radius:0px;border-top-right-radius:0px;border-bottom-right-radius:0px;border-bottom-left-radius:0px;}.kadence-column84_5cc0b2-86 > .kt-inside-inner-col{column-gap:var(--global-kb-gap-sm, 1rem);}.kadence-column84_5cc0b2-86 > .kt-inside-inner-col{flex-direction:column;}.kadence-column84_5cc0b2-86 > .kt-inside-inner-col > .aligncenter{width:100%;}.kadence-column84_5cc0b2-86 > .kt-inside-inner-col:before{opacity:0.3;}.kadence-column84_5cc0b2-86{position:relative;}@media all and (max-width: 1024px){.kadence-column84_5cc0b2-86 > .kt-inside-inner-col{flex-direction:column;justify-content:center;}}@media all and (max-width: 767px){.kadence-column84_5cc0b2-86 > .kt-inside-inner-col{flex-direction:column;justify-content:center;}}<\/style>\n<div class=\"wp-block-kadence-column kadence-column84_5cc0b2-86\"><div class=\"kt-inside-inner-col\">\n<figure class=\"wp-block-table\"><table><tbody><tr><td>MARDI<\/td><td>20h-22h<\/td><\/tr><tr><td>MERCREDI<\/td><td>20h-22h (Sauf journ\u00e9es d&rsquo;interclub)<\/td><\/tr><tr><td>JEUDI<\/td><td>20h-22h<\/td><\/tr><tr><td>VENDREDI<\/td><td>18h-20h (entrainement d\u00e9butants) 3 terrains en jeu libre<\/td><\/tr><tr><td>VENDREDI<\/td><td>20h-22h (entrainement confirm\u00e9s) 3 terrains<\/td><\/tr><\/tbody><\/table><figcaption class=\"wp-element-caption\"><strong>Notre entraineur B\u00e9n\u00e9vole poss\u00e8de les dipl\u00f4mes suivants:<\/strong><\/figcaption><\/figure>\n\n\n\n<ul class=\"wp-block-list\">\n<li>MODEF<\/li>\n\n\n\n<li>EB1 entraineur b\u00e9n\u00e9vole<\/li>\n\n\n\n<li>AB1 Animateur b\u00e9n\u00e9vole<\/li>\n\n\n\n<li>Formation F\u00e9d\u00e9rale Parabadminton<\/li>\n<\/ul>\n\n\n\n<p><\/p>\n\n\n\n<p><\/p>\n\n\n\n<p><\/p>\n\n\n\n<p><\/p>\n<\/div><\/div>\n\n\n<style>.kadence-column84_954d25-f7 > .kt-inside-inner-col,.kadence-column84_954d25-f7 > .kt-inside-inner-col:before{border-top-left-radius:0px;border-top-right-radius:0px;border-bottom-right-radius:0px;border-bottom-left-radius:0px;}.kadence-column84_954d25-f7 > .kt-inside-inner-col{column-gap:var(--global-kb-gap-sm, 1rem);}.kadence-column84_954d25-f7 > .kt-inside-inner-col{flex-direction:column;}.kadence-column84_954d25-f7 > .kt-inside-inner-col > .aligncenter{width:100%;}.kadence-column84_954d25-f7 > .kt-inside-inner-col:before{opacity:0.3;}.kadence-column84_954d25-f7{position:relative;}@media all and (max-width: 1024px){.kadence-column84_954d25-f7 > .kt-inside-inner-col{flex-direction:column;justify-content:center;}}@media all and (max-width: 767px){.kadence-column84_954d25-f7 > .kt-inside-inner-col{flex-direction:column;justify-content:center;}}<\/style>\n<div class=\"wp-block-kadence-column kadence-column84_954d25-f7\"><div class=\"kt-inside-inner-col\">\n<figure class=\"wp-block-image size-full\"><img loading=\"lazy\" decoding=\"async\" width=\"965\" height=\"517\" src=\"https:\/\/tacbadminton.fr\/wp-content\/uploads\/2023\/12\/gymnase_Toussaint_Louverture.jpg\" alt=\"\" class=\"wp-image-85\"\/><\/figure>\n<\/div><\/div>\n\n<\/div><\/div>\n\n<style>.kb-row-layout-id84_f58358-88 > .kt-row-column-wrap{align-content:start;}:where(.kb-row-layout-id84_f58358-88 > .kt-row-column-wrap) > .wp-block-kadence-column{justify-content:start;}.kb-row-layout-id84_f58358-88 > .kt-row-column-wrap{column-gap:var(--global-kb-gap-md, 2rem);row-gap:var(--global-kb-gap-md, 2rem);padding-top:var(--global-kb-spacing-sm, 1.5rem);padding-bottom:var(--global-kb-spacing-sm, 1.5rem);grid-template-columns:minmax(0, 1fr);}.kb-row-layout-id84_f58358-88 > .kt-row-layout-overlay{opacity:0.30;}@media all and (max-width: 1024px){.kb-row-layout-id84_f58358-88 > .kt-row-column-wrap{grid-template-columns:minmax(0, 1fr);}}@media all and (max-width: 767px){.kb-row-layout-id84_f58358-88 > .kt-row-column-wrap{grid-template-columns:minmax(0, 1fr);}}<\/style><div class=\"kb-row-layout-wrap kb-row-layout-id84_f58358-88 alignnone wp-block-kadence-rowlayout\"><div class=\"kt-row-column-wrap kt-has-1-columns kt-row-layout-equal kt-tab-layout-inherit kt-mobile-layout-row kt-row-valign-top\">\n<style>.kadence-column84_cd508a-0c > .kt-inside-inner-col,.kadence-column84_cd508a-0c > .kt-inside-inner-col:before{border-top-left-radius:0px;border-top-right-radius:0px;border-bottom-right-radius:0px;border-bottom-left-radius:0px;}.kadence-column84_cd508a-0c > .kt-inside-inner-col{column-gap:var(--global-kb-gap-sm, 1rem);}.kadence-column84_cd508a-0c > .kt-inside-inner-col{flex-direction:column;}.kadence-column84_cd508a-0c > .kt-inside-inner-col > .aligncenter{width:100%;}.kadence-column84_cd508a-0c > .kt-inside-inner-col:before{opacity:0.3;}.kadence-column84_cd508a-0c{position:relative;}@media all and (max-width: 1024px){.kadence-column84_cd508a-0c > .kt-inside-inner-col{flex-direction:column;justify-content:center;}}@media all and (max-width: 767px){.kadence-column84_cd508a-0c > .kt-inside-inner-col{flex-direction:column;justify-content:center;}}<\/style>\n<div class=\"wp-block-kadence-column kadence-column84_cd508a-0c\"><div class=\"kt-inside-inner-col\"><style>.kb-google-maps-container84_398499-20{height:450px;}<\/style><div class=\"kb-google-maps-container kb-google-maps-container84_398499-20  wp-block-kadence-googlemaps\" data-mapid=\"84_39849920\"><iframe width=\"100%\" height=\"100%\"\n\t\t\t\t\t\t\tstyle=\"border:0\" loading=\"lazy\"\n\t\t\t\t\t\t\tsrc=\"https:\/\/www.google.com\/maps\/embed\/v1\/place?key=AIzaSyBAM2o7PiQqwk15LC1XRH2e_KJ-jUa7KYk&#038;zoom=11&#038;maptype=roadmap&#038;q=117+Rte+des+Petits+Ponts%2C+93290+Tremblay-en-France\"\n\t\t\t\t\t\t\ttitle=\"Carte Google de 117 Rte des Petits Ponts, 93290 Tremblay-en-France\"><\/iframe><\/div><script>function kb_google_map84_39849920() { let center = { lat: 37.8201, lng: -122.4781}; let map = new google.maps.Map(document.getElementById(\"kb-google-map84_39849920\"), {\n\t\t\t\t\t    zoom: 11,\n\t\t\t\t\t    center: center,});let marker = new google.maps.Marker({   position: { lat: 37.8201, lng: -122.4781},    map: map,  });}<\/script><\/div><\/div>\n\n<\/div><\/div>","protected":false},"excerpt":{"rendered":"<p>GYMNASE TOUSSAINT L&rsquo;OUVERTURE MARDI 20h-22h MERCREDI 20h-22h (Sauf journ\u00e9es d&rsquo;interclub) JEUDI 20h-22h VENDREDI 18h-20h (entrainement d\u00e9butants) 3 terrains en jeu libre VENDREDI 20h-22h (entrainement confirm\u00e9s) 3 terrains Notre entraineur B\u00e9n\u00e9vole poss\u00e8de les dipl\u00f4mes suivants:<\/p>\n","protected":false},"author":1,"featured_media":0,"parent":0,"menu_order":0,"comment_status":"closed","ping_status":"closed","template":"","meta":{"_kad_post_transparent":"","_kad_post_title":"","_kad_post_layout":"","_kad_post_sidebar_id":"","_kad_post_content_style":"","_kad_post_vertical_padding":"","_kad_post_feature":"","_kad_post_feature_position":"","_kad_post_header":false,"_kad_post_footer":false,"footnotes":""},"class_list":["post-84","page","type-page","status-publish","hentry"],"_links":{"self":[{"href":"https:\/\/tacbadminton.fr\/index.php\/wp-json\/wp\/v2\/pages\/84","targetHints":{"allow":["GET"]}}],"collection":[{"href":"https:\/\/tacbadminton.fr\/index.php\/wp-json\/wp\/v2\/pages"}],"about":[{"href":"https:\/\/tacbadminton.fr\/index.php\/wp-json\/wp\/v2\/types\/page"}],"author":[{"embeddable":true,"href":"https:\/\/tacbadminton.fr\/index.php\/wp-json\/wp\/v2\/users\/1"}],"replies":[{"embeddable":true,"href":"https:\/\/tacbadminton.fr\/index.php\/wp-json\/wp\/v2\/comments?post=84"}],"version-history":[{"count":8,"href":"https:\/\/tacbadminton.fr\/index.php\/wp-json\/wp\/v2\/pages\/84\/revisions"}],"predecessor-version":[{"id":188,"href":"https:\/\/tacbadminton.fr\/index.php\/wp-json\/wp\/v2\/pages\/84\/revisions\/188"}],"wp:attachment":[{"href":"https:\/\/tacbadminton.fr\/index.php\/wp-json\/wp\/v2\/media?parent=84"}],"curies":[{"name":"wp","href":"https:\/\/api.w.org\/{rel}","templated":true}]}}